{"id":203,"date":"2021-04-08T19:56:08","date_gmt":"2021-04-08T19:56:08","guid":{"rendered":"http:\/\/www.volincubator.de\/?page_id=203"},"modified":"2022-04-26T17:34:03","modified_gmt":"2022-04-26T17:34:03","slug":"salsa4water-2","status":"publish","type":"page","link":"https:\/\/www.volincubator.de\/?page_id=203","title":{"rendered":"Salsa4Water"},"content":{"rendered":"<p>Salsa4Water ist am einfachsten als eine ehrenamtliche Tanzschule zu verstehen. Wir bieten Tanzkurse an, die von erfahrenen T\u00e4nzern ehrenamtlich geleitet werden. Unser Kurssystem ist so gestaltet, dass es nahezu keine H\u00fcrden gibt, den Kursen beizutreten.<\/p>\n<p>Salsa4Water geh\u00f6rt zur internationalen Vereinsbewegung 4Water, welche auch noch in den St\u00e4dten Cardiff, Kopenhagen, Glasgow, Link\u00f6ping, London, Lyon, Manchester, Prag und Valencia aktiv ist. Alle lokalen 4Water Projekte sind durch gemeinsame Grundwerte verbunden: \u201eSharing Passions \u2013 Building Communities \u2013 Changing Lives\u201c. 4Water hat sich dem Ziel verschrieben das 6. Global Goal f\u00fcr nachhaltige Entwicklung der UN Agenda 2030 umzusetzen: Wasser- und Sanit\u00e4rversorgung f\u00fcr alle. Daf\u00fcr werden mit den Erl\u00f6sen unseres lokalen 4Water Projektes Eins\u00e4tze der NGO Welthungerhilfe finanziert.<\/p>\n<p>Zur Webseite von Salsa4Water in Berlin: <a href=\"http:\/\/4water.org\/berlin\/salsa\/de\/\">http:\/\/4water.org\/berlin\/salsa\/de\/<\/a><\/p>\n\n\n<p><\/p>\n","protected":false},"excerpt":{"rendered":"<p>Salsa4Water ist am einfachsten als eine ehrenamtliche Tanzschule zu verstehen. Wir bieten Tanzkurse an, die von erfahrenen T\u00e4nzern ehrenamtlich geleitet werden. Unser Kurssystem ist so gestaltet, dass es nahezu keine H\u00fcrden gibt, den Kursen beizutreten. Salsa4Water geh\u00f6rt zur internationalen Vereinsbewegung 4Water, welche auch noch in den St\u00e4dten Cardiff, Kopenhagen, Glasgow, Link\u00f6ping, London, Lyon, Manchester, Prag <a class=\"read-more\" href=\"https:\/\/www.volincubator.de\/?page_id=203\">Read More<\/a><\/p>\n","protected":false},"author":1,"featured_media":0,"parent":0,"menu_order":0,"comment_status":"closed","ping_status":"closed","template":"","meta":[],"_links":{"self":[{"href":"https:\/\/www.volincubator.de\/index.php?rest_route=\/wp\/v2\/pages\/203"}],"collection":[{"href":"https:\/\/www.volincubator.de\/index.php?rest_route=\/wp\/v2\/pages"}],"about":[{"href":"https:\/\/www.volincubator.de\/index.php?rest_route=\/wp\/v2\/types\/page"}],"author":[{"embeddable":true,"href":"https:\/\/www.volincubator.de\/index.php?rest_route=\/wp\/v2\/users\/1"}],"replies":[{"embeddable":true,"href":"https:\/\/www.volincubator.de\/index.php?rest_route=%2Fwp%2Fv2%2Fcomments&post=203"}],"version-history":[{"count":4,"href":"https:\/\/www.volincubator.de\/index.php?rest_route=\/wp\/v2\/pages\/203\/revisions"}],"predecessor-version":[{"id":327,"href":"https:\/\/www.volincubator.de\/index.php?rest_route=\/wp\/v2\/pages\/203\/revisions\/327"}],"wp:attachment":[{"href":"https:\/\/www.volincubator.de\/index.php?rest_route=%2Fwp%2Fv2%2Fmedia&parent=203"}],"curies":[{"name":"wp","href":"https:\/\/api.w.org\/{rel}","templated":true}]}}