{"id":191,"date":"2021-04-08T19:48:09","date_gmt":"2021-04-08T19:48:09","guid":{"rendered":"http:\/\/www.volincubator.de\/?page_id=191"},"modified":"2021-06-11T14:43:10","modified_gmt":"2021-06-11T14:43:10","slug":"erstelle-ein-projekt","status":"publish","type":"page","link":"https:\/\/www.volincubator.de\/?page_id=191","title":{"rendered":"Erstelle ein Projekt"},"content":{"rendered":"\n<p>Du m\u00f6chtest deine F\u00e4higkeiten nutzen um Spenden f\u00fcr Organisationen zu sammeln, die sich f\u00fcr die Erf\u00fcllung der 17 Ziele f\u00fcr nachhaltige Entwicklung einsetzen? Du hast eine Idee, wie du in Kurs oder Eventform oder \u00e4hnlichem deine F\u00e4higkeit mit anderen teilen m\u00f6chtest?<\/p>\n\n\n\n<p>Dir fehlt der rechtliche Rahmen bzw die Plattform, um deine Idee umzusetzen? Dann bist du bei uns genau richtig! Erz\u00e4hl uns von dir und deiner Idee und wir freuen uns, mit dir unsere gegenseitige Unterst\u00fctzung zu besprechen.<\/p>\n\n\n<div id=\"pl-gb191-69d9cf516c4da\"  class=\"panel-layout\" ><div id=\"pg-gb191-69d9cf516c4da-0\"  class=\"panel-grid panel-no-style\" ><div id=\"pgc-gb191-69d9cf516c4da-0-0\"  class=\"panel-grid-cell\" ><\/div><\/div><\/div>\n\n<div id=\"pl-gb191-69d9cf516c655\"  class=\"panel-layout\" ><div id=\"pg-gb191-69d9cf516c655-0\"  class=\"panel-grid panel-no-style\" ><div id=\"pgc-gb191-69d9cf516c655-0-0\"  class=\"panel-grid-cell\" ><div id=\"panel-gb191-69d9cf516c655-0-0-0\" class=\"so-panel widget widget_sow-button panel-first-child panel-last-child\" data-index=\"0\" ><div class=\"so-widget-sow-button so-widget-sow-button-atom-796ad6959fa0-191\"><div class=\"ow-button-base ow-button-align-center\">\n\t<a href=\"mailto:vorstand@volincubator.de\" class=\"ow-icon-placement-left\" \t\t>\n\t\t<span>\n\t\t\t<span class=\"sow-icon-fontawesome sow-far\" data-sow-icon=\"&#xf0e0;\"\n\t\t ><\/span>\n\t\t\tKontakt aufnehmen\t\t<\/span>\n\t<\/a>\n<\/div>\n<\/div><\/div><\/div><\/div><\/div>","protected":false},"excerpt":{"rendered":"<p>Du m\u00f6chtest deine F\u00e4higkeiten nutzen um Spenden f\u00fcr Organisationen zu sammeln, die sich f\u00fcr die Erf\u00fcllung der 17 Ziele f\u00fcr nachhaltige Entwicklung einsetzen? Du hast eine Idee, wie du in Kurs oder Eventform oder \u00e4hnlichem deine F\u00e4higkeit mit anderen teilen m\u00f6chtest? Dir fehlt der rechtliche Rahmen bzw die Plattform, um deine Idee umzusetzen? Dann bist <a class=\"read-more\" href=\"https:\/\/www.volincubator.de\/?page_id=191\">Read More<\/a><\/p>\n","protected":false},"author":1,"featured_media":0,"parent":0,"menu_order":0,"comment_status":"closed","ping_status":"closed","template":"","meta":[],"_links":{"self":[{"href":"https:\/\/www.volincubator.de\/index.php?rest_route=\/wp\/v2\/pages\/191"}],"collection":[{"href":"https:\/\/www.volincubator.de\/index.php?rest_route=\/wp\/v2\/pages"}],"about":[{"href":"https:\/\/www.volincubator.de\/index.php?rest_route=\/wp\/v2\/types\/page"}],"author":[{"embeddable":true,"href":"https:\/\/www.volincubator.de\/index.php?rest_route=\/wp\/v2\/users\/1"}],"replies":[{"embeddable":true,"href":"https:\/\/www.volincubator.de\/index.php?rest_route=%2Fwp%2Fv2%2Fcomments&post=191"}],"version-history":[{"count":6,"href":"https:\/\/www.volincubator.de\/index.php?rest_route=\/wp\/v2\/pages\/191\/revisions"}],"predecessor-version":[{"id":253,"href":"https:\/\/www.volincubator.de\/index.php?rest_route=\/wp\/v2\/pages\/191\/revisions\/253"}],"wp:attachment":[{"href":"https:\/\/www.volincubator.de\/index.php?rest_route=%2Fwp%2Fv2%2Fmedia&parent=191"}],"curies":[{"name":"wp","href":"https:\/\/api.w.org\/{rel}","templated":true}]}}