{"id":166,"date":"2021-04-08T19:01:13","date_gmt":"2021-04-08T19:01:13","guid":{"rendered":"http:\/\/www.volincubator.de\/?page_id=166"},"modified":"2022-05-31T19:52:32","modified_gmt":"2022-05-31T19:52:32","slug":"home-page-deutsch","status":"publish","type":"page","link":"https:\/\/www.volincubator.de\/","title":{"rendered":"Home"},"content":{"rendered":"\n<div class=\"wp-block-group\"><div class=\"wp-block-group__inner-container\">\n<div class=\"wp-block-columns\">\n<div class=\"wp-block-column\" style=\"flex-basis:100%\">\n<h2 class=\"has-text-align-center\"><span style=\"color:#028090\" class=\"has-inline-color\">Unser Ziel ist es, Menschen dabei zu unterst\u00fctzen, das Gute in der Welt zu vervielfachen.<\/span><\/h2>\n\n\n\n<p><span style=\"color:#028090\" class=\"has-inline-color\">Das hei\u00dft, wir wollen:<\/span><\/p>\n\n\n\n<ul><li><span style=\"color:#028090\" class=\"has-inline-color\">Menschen dabei helfen<\/span><ul><li><span style=\"color:#028090\" class=\"has-inline-color\">eigenst\u00e4ndige Projekte zu kreieren<\/span><\/li><li><span style=\"color:#028090\" class=\"has-inline-color\">Projekte kreieren, die Geld f\u00fcr andere Organisationen zur Erreichung der 17 SDGs sammeln<\/span><\/li><\/ul><\/li><li><span style=\"color:#028090\" class=\"has-inline-color\">ein Inkubator f\u00fcr Freiwilligenarbeit sein<\/span><ul><li><span style=\"color:#028090\" class=\"has-inline-color\">M\u00f6glichkeiten f\u00fcr Freiwilligenarbeit anbieten<\/span><\/li><li><span style=\"color:#028090\" class=\"has-inline-color\">die Idee der Freiwilligenarbeit als Lebensstil zu etablieren<\/span><\/li><\/ul><\/li><li><span style=\"color:#028090\" class=\"has-inline-color\">offene, vielf\u00e4ltige, integrative und sichere Gemeinschaften rund um Leidenschaften aufbauen<\/span><\/li><\/ul>\n\n\n\n<p><\/p>\n<\/div>\n<\/div>\n<\/div><\/div>\n\n\n\n<figure class=\"wp-block-table is-style-stripes\"><table class=\"has-subtle-light-gray-background-color has-fixed-layout has-background\"><tbody><tr><td class=\"has-text-align-center\" data-align=\"center\"><img loading=\"lazy\" width=\"343\" height=\"229\" class=\"wp-image-335\" style=\"width: 343px;\" src=\"http:\/\/www.volincubator.de\/wp-content\/uploads\/2022\/05\/Webseite_Salsa4Water.png\" alt=\"\" srcset=\"https:\/\/www.volincubator.de\/wp-content\/uploads\/2022\/05\/Webseite_Salsa4Water.png 343w, https:\/\/www.volincubator.de\/wp-content\/uploads\/2022\/05\/Webseite_Salsa4Water-300x200.png 300w, https:\/\/www.volincubator.de\/wp-content\/uploads\/2022\/05\/Webseite_Salsa4Water-272x182.png 272w\" sizes=\"(max-width: 343px) 100vw, 343px\" \/><\/td><td class=\"has-text-align-center\" data-align=\"center\"><img loading=\"lazy\" width=\"343\" height=\"229\" class=\"wp-image-332\" style=\"width: 343px;\" src=\"http:\/\/www.volincubator.de\/wp-content\/uploads\/2022\/05\/Webseite_Language4Water.png\" alt=\"\" srcset=\"https:\/\/www.volincubator.de\/wp-content\/uploads\/2022\/05\/Webseite_Language4Water.png 343w, https:\/\/www.volincubator.de\/wp-content\/uploads\/2022\/05\/Webseite_Language4Water-300x200.png 300w, https:\/\/www.volincubator.de\/wp-content\/uploads\/2022\/05\/Webseite_Language4Water-272x182.png 272w\" sizes=\"(max-width: 343px) 100vw, 343px\" \/><\/td><td class=\"has-text-align-center\" data-align=\"center\"><img loading=\"lazy\" width=\"343\" height=\"229\" class=\"wp-image-334\" style=\"width: 343px;\" src=\"http:\/\/www.volincubator.de\/wp-content\/uploads\/2022\/05\/Webseite_Your-project.png\" alt=\"\" srcset=\"https:\/\/www.volincubator.de\/wp-content\/uploads\/2022\/05\/Webseite_Your-project.png 343w, https:\/\/www.volincubator.de\/wp-content\/uploads\/2022\/05\/Webseite_Your-project-300x200.png 300w, https:\/\/www.volincubator.de\/wp-content\/uploads\/2022\/05\/Webseite_Your-project-272x182.png 272w\" sizes=\"(max-width: 343px) 100vw, 343px\" \/><\/td><\/tr><tr><td class=\"has-text-align-center\" data-align=\"center\"><strong><span style=\"color:#028090\" class=\"has-inline-color\">Salsa4Water<\/span><\/strong><\/td><td class=\"has-text-align-center\" data-align=\"center\"><strong><span style=\"color:#028090\" class=\"has-inline-color\">Language4Water<\/span><\/strong><\/td><td class=\"has-text-align-center\" data-align=\"center\"><span style=\"color:#028090\" class=\"has-inline-color\"><strong>Dein Projekt &#8211; Starte es selbst!<\/strong><\/span><\/td><\/tr><tr><td class=\"has-text-align-center\" data-align=\"center\"><span style=\"color:#028090\" class=\"has-inline-color\">Salsa4Water ist am einfachsten als eine ehrenamtliche Tanzschule zu verstehen. Wir bieten<br>Tanzkurse an, die von erfahrenen T\u00e4nzern ehrenamtlich geleitet werden. Unser Kurssystem ist so gestaltet, dass es nahezu keine H\u00fcrden gibt, den Kursen beizutreten.<\/span><\/td><td class=\"has-text-align-center\" data-align=\"center\"><span style=\"color:#028090\" class=\"has-inline-color\">M\u00f6chtest Du Deine Sprachkenntnisse verbessern und dabei Spa\u00df haben? Gleichgesinnte treffen und gleichzeitig Deinen Lebenslauf aufbessern? Einigen der \u00e4rmsten Menschen der Welt Zugang zu sauberem Wasser, sanit\u00e4ren Anlagen und Hygienedienstleistungen verschaffen? Mit Language4Water kannst Du all diese Dinge gleichzeitig tun und das zu einem unglaublich g\u00fcnstigen Preis.<\/span><\/td><td class=\"has-text-align-center\" data-align=\"center\"><span style=\"color:#028090\" class=\"has-inline-color\">Willst Du Deine F\u00e4higkeiten nutzen, um Geld f\u00fcr Organisationen zu sammeln, die sich f\u00fcr die Erreichung der 17 SDGs einsetzen?<br>Hast Du eine Idee, wie Du Deine F\u00e4higkeiten in einem Kurs, einer Veranstaltung oder \u00e4hnlichem mit anderen teilen m\u00f6chtest? Erz\u00e4hle uns von Deiner Idee und werde Teil von Volincubator!<\/span><\/td><\/tr><\/tbody><\/table><\/figure>\n\n\n\n<p><\/p>\n","protected":false},"excerpt":{"rendered":"<p>Salsa4Water Language4Water Dein Projekt &#8211; Starte es selbst! Salsa4Water ist am einfachsten als eine ehrenamtliche Tanzschule zu verstehen. Wir bietenTanzkurse an, die von erfahrenen T\u00e4nzern ehrenamtlich geleitet werden. Unser Kurssystem ist so gestaltet, dass es nahezu keine H\u00fcrden gibt, den Kursen beizutreten. M\u00f6chtest Du Deine Sprachkenntnisse verbessern und dabei Spa\u00df haben? Gleichgesinnte treffen und gleichzeitig <a class=\"read-more\" href=\"https:\/\/www.volincubator.de\/\">Read More<\/a><\/p>\n","protected":false},"author":1,"featured_media":0,"parent":0,"menu_order":0,"comment_status":"closed","ping_status":"closed","template":"","meta":[],"_links":{"self":[{"href":"https:\/\/www.volincubator.de\/index.php?rest_route=\/wp\/v2\/pages\/166"}],"collection":[{"href":"https:\/\/www.volincubator.de\/index.php?rest_route=\/wp\/v2\/pages"}],"about":[{"href":"https:\/\/www.volincubator.de\/index.php?rest_route=\/wp\/v2\/types\/page"}],"author":[{"embeddable":true,"href":"https:\/\/www.volincubator.de\/index.php?rest_route=\/wp\/v2\/users\/1"}],"replies":[{"embeddable":true,"href":"https:\/\/www.volincubator.de\/index.php?rest_route=%2Fwp%2Fv2%2Fcomments&post=166"}],"version-history":[{"count":11,"href":"https:\/\/www.volincubator.de\/index.php?rest_route=\/wp\/v2\/pages\/166\/revisions"}],"predecessor-version":[{"id":337,"href":"https:\/\/www.volincubator.de\/index.php?rest_route=\/wp\/v2\/pages\/166\/revisions\/337"}],"wp:attachment":[{"href":"https:\/\/www.volincubator.de\/index.php?rest_route=%2Fwp%2Fv2%2Fmedia&parent=166"}],"curies":[{"name":"wp","href":"https:\/\/api.w.org\/{rel}","templated":true}]}}